{"id":274,"date":"2023-11-24T10:21:11","date_gmt":"2023-11-24T10:21:11","guid":{"rendered":"https:\/\/fintis.nl\/?page_id=274"},"modified":"2026-03-11T17:04:38","modified_gmt":"2026-03-11T17:04:38","slug":"boekhouding","status":"publish","type":"page","link":"https:\/\/fintis.nl\/nl\/boekhouding\/","title":{"rendered":"Boekhouding"},"content":{"rendered":"<div class=\"brz-root__container brz-reset-all brz brz-root__container-page\">\n<section id=\"3c6f7c5742d6f7e97f2f_zdlnfqcoppbjhwhxgtssshoulaofmyascmql\" class=\"brz-section brz-css-1yo1qmy\">\n<div class=\"brz-slick-slider brz-slick-slider__section\" data-slides-to-show=\"1\" data-slides-to-scroll=\"1\" data-arrows=\"true\" data-dots=\"true\" data-dots-class=\"brz-slick-slider__dots brz-slick-slider__dots--circle\" data-fade=\"false\" data-vertical=\"false\" data-auto-play=\"false\" data-auto-play-speed=\"3000\" data-animation-speed=\"500\" data-swipe=\"true\" data-responsive=\"%5B%7B%22breakpoint%22%3A767%2C%22settings%22%3A%7B%22slidesToShow%22%3A1%2C%22slidesToScroll%22%3A1%7D%7D%5D\">\n<div>\n<div class=\"brz-section__content brz-section--boxed brz-css-1kneo2m brz-css-8s9623\" data-brz-custom-id=\"beboycrnwpmkmwxsjhclguyieuwrmzrakfck\">\n<div class=\"brz-bg\">\n<div data-type=\"bgVideoCustom\" data-loop=\"true\" data-start=\"0\" class=\"brz-bg-video\"><video class=\"brz-bg-video-custom brz-bg-video__cover\" muted=\"\" autoplay=\"\" playsinline=\"\" src=\"https:\/\/fintis.nl\/wp-content\/uploads\/2023\/11\/team-top-view.mp4\" data-src=\"https:\/\/fintis.nl\/wp-content\/uploads\/2023\/11\/team-top-view.mp4\" style=\"display:block\"><\/video><\/div>\n<div class=\"brz-bg-color\"><\/div>\n<div class=\"brz-bg-shape brz-bg-shape__bottom\"><\/div>\n<\/div>\n<div class=\"brz-container brz-css-syeob7\">\n<div class=\"brz-row__container brz-css-158r8pu brz-css-znltit\" data-brz-custom-id=\"fdtdgwfucydstdclonpxmiyhpsgljtulijce\">\n<div class=\"brz-bg\"><\/div>\n<div class=\"brz-row brz-css-1lq8k73 brz-css-y6j847\">\n<div class=\"brz-columns brz-css-1u591fm brz-css-13y3vg8\" data-brz-custom-id=\"yzpjaqfwhblpehrrvcvgcnyeyxqwsudnbbdx\">\n<div class=\"brz-bg\"><\/div>\n<div class=\"brz-column__items brz-css-voq1in\">\n<div id=\"\" class=\"brz-css-117vfc9 brz-css-87n0vw brz-wrapper\">\n<div class=\"brz-rich-text brz-rich-text__custom brz-css-1i5cn3g\" data-brz-custom-id=\"vqdgkwntohwqzvagoetkifuudjzkyhcftqbo\">\n<div data-brz-translate-text=\"1\">\n<h1 class=\"brz-lh-lg-1 brz-ls-lg-m_2 brz-fw-lg-700 brz-fss-lg-px brz-fs-lg-63 brz-ft-google brz-ff-montserrat brz-tp-lg-empty brz-text-lg-center brz-css-gIxtH\" data-generated-css=\"brz-css-flrsm\" data-uniq-id=\"jhwsp\"><span class=\"brz-cp-color1\" style=\"text-shadow: rgb(25, 25, 25) 1px 2px 4px; opacity: 1;\">Precisie in getallen<\/span><\/h1>\n<\/div>\n<\/div>\n<\/div>\n<div id=\"\" class=\"brz-css-117vfc9 brz-wrapper\">\n<div class=\"brz-rich-text brz-rich-text__custom brz-css-1i5cn3g\" data-brz-custom-id=\"lfiwriiewrjwrogpzmvrjdstlnumavoolzvu\">\n<div data-brz-translate-text=\"1\">\n<h1 class=\"brz-tp-lg-subtitle brz-text-lg-center brz-css-q7ghj\" data-uniq-id=\"rpzbq\" data-generated-css=\"brz-css-chkxm\"><span class=\"brz-cp-color1\" style=\"opacity: 1;\">Gestroomlijnde financi\u00eble administratie voor onge\u00ebvenaarde nauwkeurigheid en effici\u00ebntie<\/span><\/h1>\n<\/div>\n<\/div>\n<\/div>\n<\/div>\n<\/div>\n<\/div>\n<\/div>\n<\/div>\n<\/div>\n<\/div>\n<p><svg class=\"brz-icon-svg align-[initial] brz-hidden\"><use href=\"\/wp-content\/plugins\/brizy\/public\/editor-build\/prod\/editor\/icons\/editor\/right-arrow-thin.svg#brz_icon\"><\/use><\/svg><\/div>\n<\/section>\n<section id=\"d0141e09fb6a924db2aa_awdigskefltsojycwekgvoypxbjkbogxocrl\" class=\"brz-section brz-css-1yo1qmy\">\n<div class=\"brz-section__content brz-section--boxed brz-css-1kneo2m brz-css-tzbpsk\" data-brz-custom-id=\"olrodfcounstdkpqszcycppxxiyhntgbeihq\">\n<div class=\"brz-bg\">\n<div class=\"brz-bg-color\"><\/div>\n<\/div>\n<div class=\"brz-container brz-css-syeob7\">\n<div class=\"brz-row__container brz-css-158r8pu\" data-brz-custom-id=\"qppaqexhkeflhzksvkndetqfflrgdnpqzmxt\">\n<div class=\"brz-bg\"><\/div>\n<div class=\"brz-row brz-css-1lq8k73 brz-css-y6j847\">\n<div class=\"brz-columns brz-css-1u591fm brz-css-1j0co7i\" data-brz-custom-id=\"uwpmusnlervodpyowcotdowzvtfkxkrcnfdo\">\n<div class=\"brz-bg\">\n<div class=\"brz-bg-color\"><\/div>\n<\/div>\n<div class=\"brz-column__items brz-css-voq1in brz-css-1cjoonb\">\n<div id=\"\" class=\"brz-css-117vfc9 brz-wrapper\">\n<div class=\"brz-image brz-css-aeaj31 brz-css-oaltw9\" data-brz-custom-id=\"cqsauwmrsjskarujtqpetbudbxirnrdzslpc\"><picture class=\"brz-picture brz-d-block brz-p-relative brz-css-1k1k7jr\"><img decoding=\"async\" class=\"brz-img brz-img-svg\" src=\"https:\/\/fintis.nl\/wp-content\/uploads\/2023\/10\/document.gif\" alt=\"\" draggable=\"false\" loading=\"lazy\"><\/picture><\/div>\n<\/div>\n<\/div>\n<\/div>\n<div class=\"brz-columns brz-css-1u591fm brz-css-1h2mxd2\" data-brz-custom-id=\"ufxgfiuiwwuqzlgrgxucdyuamjtybdeebscd\">\n<div class=\"brz-bg\"><\/div>\n<div class=\"brz-column__items brz-css-voq1in brz-css-1so7q0p\">\n<div id=\"\" class=\"brz-css-117vfc9 brz-css-tb57wn brz-wrapper\">\n<div class=\"brz-rich-text brz-rich-text__custom brz-css-1i5cn3g\" data-brz-custom-id=\"avsdwtbryhrstgjvcqkwhtpdrndamxeghxht\">\n<div data-brz-translate-text=\"1\">\n<h3 class=\"brz-text-lg-left brz-tp-lg-abovetitle brz-css-uB5Lf\" data-uniq-id=\"dtppg\" data-generated-css=\"brz-css-wowjc\"><span class=\"brz-cp-color2\">Boekhouding voor ondernemers<\/span><\/h3>\n<\/div>\n<\/div>\n<\/div>\n<div id=\"\" class=\"brz-css-117vfc9 brz-css-1hmvsln brz-wrapper\">\n<div class=\"brz-rich-text brz-rich-text__custom brz-css-1i5cn3g\" data-brz-custom-id=\"duxorspyetlsjmrlsftumrozxpzvcbinbriw\">\n<div data-brz-translate-text=\"1\">\n<h3 class=\"brz-tp-lg-heading3 brz-text-lg-left brz-css-bhBLN\" data-generated-css=\"brz-css-bghsc\" data-uniq-id=\"cueev\"><span class=\"brz-cp-color2\">Inzicht in cijfers<\/span><\/h3>\n<\/div>\n<\/div>\n<\/div>\n<div id=\"\" class=\"brz-css-117vfc9 brz-wrapper\">\n<div class=\"brz-rich-text brz-rich-text__custom brz-css-1i5cn3g\" data-brz-custom-id=\"zltuxfyjdqypihegwjsghbjudhznmqysyxaf\">\n<div data-brz-translate-text=\"1\">\n<p class=\"brz-tp-lg-paragraph brz-css-flP0I\" data-uniq-id=\"szjtg\" data-generated-css=\"brz-css-qxitl\"><span class=\"brz-cp-color6\" style=\"opacity: 1;\">Voor jou als ondernemer is inzicht in het financi\u00eble reilen en zeilen van je onderneming van cruciaal belang.<\/span><\/p>\n<p class=\"brz-tp-lg-paragraph brz-css-f0Vqd\" data-uniq-id=\"ziyil\" data-generated-css=\"brz-css-jarrn\"><span class=\"brz-cp-color6\" style=\"opacity: 1;\"> <\/span><\/p>\n<p class=\"brz-tp-lg-paragraph brz-css-u7RNP\" data-uniq-id=\"cohfm\" data-generated-css=\"brz-css-xzbqv\"><span class=\"brz-cp-color6\" style=\"opacity: 1;\">Voor een overzichtelijke boekhouding verwerken wij je financi\u00eble administratie volledig geautomatiseerd in ons financi\u00eble softwarepakket.<\/span><\/p>\n<\/div>\n<\/div>\n<\/div>\n<div id=\"\" class=\"brz-css-117vfc9 brz-css-koxow6 brz-wrapper\">\n<div class=\"brz-line brz-line-default brz-css-1b39unp brz-css-4qox9z\" data-brz-custom-id=\"seuwvzevpzxktsclbfpdmupyezabkoozlcjx\">\n<hr class=\"brz-hr\"><\/div>\n<\/div>\n<div id=\"\" class=\"brz-css-117vfc9 brz-css-ayynxz brz-wrapper\">\n<div class=\"brz-spacer brz-css-hfys1l brz-css-10kvyc6\"><\/div>\n<\/div>\n<div id=\"\" class=\"brz-css-117vfc9 brz-wrapper\">\n<div class=\"brz-icon-text brz-css-k8xer\" data-brz-custom-id=\"deznjpyqdyppuputyzosphofldqlhyylvjyz\">\n<div class=\"brz-icon__container\" data-brz-custom-id=\"fdumhpxrwzvflejnhcdieucvscvypawukhpc\"><span class=\"brz-icon brz-span brz-css-1n57jk brz-css-1owl8he\"><svg class=\"brz-icon-svg align-[initial]\"><use href=\"\/wp-content\/plugins\/brizy\/public\/editor-build\/prod\/editor\/icons\/glyph\/check-bold.svg#nc_icon\"><\/use><\/svg><\/span><\/div>\n<div class=\"brz-text-btn\">\n<div class=\"brz-rich-text brz-rich-text__custom brz-css-1i5cn3g\" data-brz-custom-id=\"ggfcapniuourocshhetitteqalcnaxaqakmz\">\n<div data-brz-translate-text=\"1\">\n<p class=\"brz-tp-lg-paragraph brz-css-r0Sjj\" data-generated-css=\"brz-css-nlxhz\" data-uniq-id=\"ntagt\">Verwerking van inkoop- en verkoopfacturen, kas- en bankafschriften, voorraden, onkostendeclaraties, vaste activa, loonjournaalposten, etc.<\/p>\n<\/div>\n<\/div>\n<\/div>\n<\/div>\n<\/div>\n<div id=\"\" class=\"brz-css-117vfc9 brz-wrapper\">\n<div class=\"brz-icon-text brz-css-k8xer\" data-brz-custom-id=\"irpboamhcncdlndygcroohbteybbrcznxnkn\">\n<div class=\"brz-icon__container\" data-brz-custom-id=\"vypozagjpqpzfcpjynbjigznouvoeqgnxous\"><span class=\"brz-icon brz-span brz-css-1n57jk brz-css-1x8vpc9\"><svg class=\"brz-icon-svg align-[initial]\"><use href=\"\/wp-content\/plugins\/brizy\/public\/editor-build\/prod\/editor\/icons\/glyph\/check-bold.svg#nc_icon\"><\/use><\/svg><\/span><\/div>\n<div class=\"brz-text-btn\">\n<div class=\"brz-rich-text brz-rich-text__custom brz-css-1i5cn3g\" data-brz-custom-id=\"bykjegexnbhnebpsoxvcdphbsdwuijkczxmq\">\n<div data-brz-translate-text=\"1\">\n<p class=\"brz-tp-lg-paragraph brz-css-w9pIv\" data-uniq-id=\"aoxjg\" data-generated-css=\"brz-css-ifurt\">Beheer van het grootboek, inclusief balans en verlies- en winstrekeningen<\/p>\n<\/div>\n<\/div>\n<\/div>\n<\/div>\n<\/div>\n<div id=\"\" class=\"brz-css-117vfc9 brz-wrapper\">\n<div class=\"brz-icon-text brz-css-k8xer\" data-brz-custom-id=\"nowkmvbkntejynmdelouxpspvsittclbufzi\">\n<div class=\"brz-icon__container\" data-brz-custom-id=\"fqykazklvbsplqqtmtgwdjzmwvitysmgjyxa\"><span class=\"brz-icon brz-span brz-css-1n57jk brz-css-11hedzy\"><svg class=\"brz-icon-svg align-[initial]\"><use href=\"\/wp-content\/plugins\/brizy\/public\/editor-build\/prod\/editor\/icons\/glyph\/check-bold.svg#nc_icon\"><\/use><\/svg><\/span><\/div>\n<div class=\"brz-text-btn\">\n<div class=\"brz-rich-text brz-rich-text__custom brz-css-1i5cn3g\" data-brz-custom-id=\"puykrxqrlocjjzredbhzsfpclpcspfhyawgx\">\n<div data-brz-translate-text=\"1\">\n<p class=\"brz-tp-lg-paragraph brz-css-x70et\" data-uniq-id=\"jsikd\" data-generated-css=\"brz-css-cidrf\">Beheer van debiteuren en crediteuren<\/p>\n<\/div>\n<\/div>\n<\/div>\n<\/div>\n<\/div>\n<div id=\"\" class=\"brz-css-117vfc9 brz-wrapper\">\n<div class=\"brz-icon-text brz-css-k8xer\" data-brz-custom-id=\"nzllemswnvmkysutczdpripezvrnxjksytnq\">\n<div class=\"brz-icon__container\" data-brz-custom-id=\"ytnvchrxpfovntinrakearhwrnznoiwgcrok\"><span class=\"brz-icon brz-span brz-css-1n57jk brz-css-1ji5lxs\"><svg class=\"brz-icon-svg align-[initial]\"><use href=\"\/wp-content\/plugins\/brizy\/public\/editor-build\/prod\/editor\/icons\/glyph\/check-bold.svg#nc_icon\"><\/use><\/svg><\/span><\/div>\n<div class=\"brz-text-btn\">\n<div class=\"brz-rich-text brz-rich-text__custom brz-css-1i5cn3g\" data-brz-custom-id=\"xlubapciyamcsncnbmwqnkykqqhhleppkfia\">\n<div data-brz-translate-text=\"1\">\n<p class=\"brz-tp-lg-paragraph brz-css-wg_bu\" data-uniq-id=\"lfjkd\" data-generated-css=\"brz-css-psstc\">Controle van balansposten<\/p>\n<\/div>\n<\/div>\n<\/div>\n<\/div>\n<\/div>\n<\/div>\n<\/div>\n<\/div>\n<\/div>\n<\/div>\n<\/div>\n<\/section>\n<section id=\"d5f7cebf215145ccdc85_zgnvfuyjqfhfaugdnsipcbzcjyyjfeoxsxwl\" class=\"brz-section brz-css-1yo1qmy\">\n<div class=\"brz-slick-slider brz-slick-slider__section\" data-slides-to-show=\"1\" data-slides-to-scroll=\"1\" data-arrows=\"true\" data-dots=\"true\" data-dots-class=\"brz-slick-slider__dots brz-slick-slider__dots--circle\" data-fade=\"false\" data-vertical=\"false\" data-auto-play=\"false\" data-auto-play-speed=\"3000\" data-animation-speed=\"500\" data-swipe=\"true\" data-responsive=\"%5B%7B%22breakpoint%22%3A767%2C%22settings%22%3A%7B%22slidesToShow%22%3A1%2C%22slidesToScroll%22%3A1%7D%7D%5D\">\n<div>\n<div class=\"brz-section__content brz-section--boxed brz-css-1kneo2m brz-css-z2sd65\" data-brz-custom-id=\"ikujhvqfvwhygglkuphajaydhnrktoxgdepd\">\n<div class=\"brz-bg\">\n<div class=\"brz-bg-color\"><\/div>\n<\/div>\n<div class=\"brz-container brz-css-syeob7\">\n<div class=\"brz-row__container brz-css-158r8pu brz-css-poorba\" data-brz-custom-id=\"mzzbbzjkqxijxornsmicxijuuornnzenipzy\">\n<div class=\"brz-bg\"><\/div>\n<div class=\"brz-row brz-css-1lq8k73 brz-css-y6j847\">\n<div class=\"brz-columns brz-css-1u591fm brz-css-varyoi\" data-brz-custom-id=\"uoyzkboevdqivuqnfprzulletzlywnfgdhkv\">\n<div class=\"brz-bg\"><\/div>\n<div class=\"brz-column__items brz-css-voq1in brz-css-1abyfev\">\n<div id=\"\" class=\"brz-css-117vfc9 brz-css-47fnf6 brz-wrapper\">\n<div class=\"brz-rich-text brz-rich-text__custom brz-css-1i5cn3g\" data-brz-custom-id=\"fzgbuxiqvrbqeiitnygmfrizufthojflzkbk\">\n<div data-brz-translate-text=\"1\">\n<h3 class=\"brz-lh-lg-1_2 brz-ls-lg-m_1 brz-fw-lg-500 brz-fss-lg-px brz-fs-lg-27 brz-ft-google brz-ff-montserrat brz-tp-lg-empty brz-text-xs-center ql-align-center brz-css-ianr7\" data-uniq-id=\"ggqfd\" data-generated-css=\"brz-css-debkv\"><span class=\"brz-cp-color8\">Download onze gratis app en beschik over de laatste informatie en handige tools.<\/span><\/h3>\n<\/div>\n<\/div>\n<\/div>\n<div id=\"\" class=\"brz-css-117vfc9 brz-css-1n5v5ul brz-wrapper\">\n<div class=\"brz-rich-text brz-rich-text__custom brz-css-1i5cn3g\" data-brz-custom-id=\"fjsihynpybfvtyuctpnddbacqjcdjrmelrre\">\n<div data-brz-translate-text=\"1\">\n<p class=\"brz-text-xs-center brz-tp-lg-paragraph brz-css-okSwl\" data-uniq-id=\"dqmlu\" data-generated-css=\"brz-css-vlwmp\"><span class=\"brz-cp-color4\" style=\"opacity: 0.7;\">Verschillende functies binnen handbereik. Handige en praktische thema\u2019s, het laaste belastingnieuws, toegang tot een uitgebreid archief, contactgegevens van onze medewerkers, routebeschrijving en het maken van afspraken.<\/span><\/p>\n<\/div>\n<\/div>\n<\/div>\n<div id=\"\" class=\"brz-css-117vfc9 brz-css-ayynxz brz-css-63eh8q brz-wrapper\">\n<div class=\"brz-spacer brz-css-hfys1l brz-css-1edz6b\"><\/div>\n<\/div>\n<div id=\"\" class=\"brz-css-117vfc9 brz-css-16njsm3 brz-wrapper\">\n<div class=\"brz-image brz-css-1sb83t2\" data-brz-custom-id=\"zlpvywuwifrepmffzazurybaxdekkpgaycth\"><a class=\"brz-a\" href=\"https:\/\/apps.apple.com\/nl\/app\/fintis-b-v\/id6478959130\" target=\"_blank\" rel=\"noopener\" data-brz-link-type=\"external\"><picture class=\"brz-picture brz-d-block brz-p-relative brz-css-1j16f4s\"><source srcset=\"https:\/\/fintis.nl\/wp-content\/uploads\/brizy\/imgs\/imdi_ios-1-122x41x0x0x122x41x1698410970.png 1x, https:\/\/fintis.nl\/wp-content\/uploads\/brizy\/imgs\/imdi_ios-1-244x82x0x0x244x82x1698410970.png 2x\" media=\"(min-width: 992px)\"><source srcset=\"https:\/\/fintis.nl\/wp-content\/uploads\/brizy\/imgs\/imdi_ios-1-88x29x0x0x88x29x1698410970.png 1x, https:\/\/fintis.nl\/wp-content\/uploads\/brizy\/imgs\/imdi_ios-1-176x58x0x0x176x58x1698410970.png 2x\" media=\"(min-width: 768px)\"><img decoding=\"async\" class=\"brz-img\" srcset=\"https:\/\/fintis.nl\/wp-content\/uploads\/brizy\/imgs\/imdi_ios-1-90x30x0x0x90x30x1698410970.png 1x, https:\/\/fintis.nl\/wp-content\/uploads\/brizy\/imgs\/imdi_ios-1-180x60x0x0x180x60x1698410970.png 2x\" src=\"https:\/\/fintis.nl\/wp-content\/uploads\/brizy\/imgs\/imdi_ios-1-122x41x0x0x122x41x1698410970.png\" alt=\"\" draggable=\"false\" loading=\"lazy\"><\/picture><\/a><\/div>\n<\/div>\n<div id=\"\" class=\"brz-css-117vfc9 brz-css-oy7ayi brz-wrapper\">\n<div class=\"brz-image brz-css-1n4aie9\" data-brz-custom-id=\"nvqnanozvrlpzlqtyvgtfknkxsdzrywovlin\"><a class=\"brz-a\" href=\"https:\/\/play.google.com\/store\/apps\/details?id=com.informanagement.fintis&amp;pcampaignid=web_share\" target=\"_blank\" rel=\"noopener\" data-brz-link-type=\"external\"><picture class=\"brz-picture brz-d-block brz-p-relative brz-css-4x5pv6\"><source srcset=\"https:\/\/fintis.nl\/wp-content\/uploads\/brizy\/imgs\/imdi_android-1-122x41x0x0x122x41x1698410970.png 1x, https:\/\/fintis.nl\/wp-content\/uploads\/brizy\/imgs\/imdi_android-1-244x82x0x0x244x82x1698410970.png 2x\" media=\"(min-width: 992px)\"><source srcset=\"https:\/\/fintis.nl\/wp-content\/uploads\/brizy\/imgs\/imdi_android-1-88x29x0x0x88x29x1698410970.png 1x, https:\/\/fintis.nl\/wp-content\/uploads\/brizy\/imgs\/imdi_android-1-176x58x0x0x176x58x1698410970.png 2x\" media=\"(min-width: 768px)\"><img decoding=\"async\" class=\"brz-img\" srcset=\"https:\/\/fintis.nl\/wp-content\/uploads\/brizy\/imgs\/imdi_android-1-90x30x0x0x90x30x1698410970.png 1x, https:\/\/fintis.nl\/wp-content\/uploads\/brizy\/imgs\/imdi_android-1-180x60x0x0x180x60x1698410970.png 2x\" src=\"https:\/\/fintis.nl\/wp-content\/uploads\/brizy\/imgs\/imdi_android-1-122x41x0x0x122x41x1698410970.png\" alt=\"\" draggable=\"false\" loading=\"lazy\"><\/picture><\/a><\/div>\n<\/div>\n<div id=\"\" class=\"brz-css-117vfc9 brz-css-ayynxz brz-wrapper\">\n<div class=\"brz-spacer brz-css-hfys1l brz-css-luroc\"><\/div>\n<\/div>\n<\/div>\n<\/div>\n<div class=\"brz-columns brz-css-1u591fm brz-css-fdlhyr\" data-brz-custom-id=\"lnwernndsxpybqyuhqdzfcjizqnoqzatvhcf\">\n<div class=\"brz-bg\"><\/div>\n<div class=\"brz-column__items brz-css-voq1in\">\n<div id=\"\" class=\"brz-css-117vfc9 brz-wrapper\">\n<div class=\"brz-image brz-css-vlwh3j\" data-brz-custom-id=\"kopgisdvxqhxifurbzzqflqdprpchwabwdkn\"><picture class=\"brz-picture brz-d-block brz-p-relative brz-css-1k1irjf\"><source srcset=\"https:\/\/fintis.nl\/wp-content\/uploads\/brizy\/imgs\/fintis-app-449x408x0x4x449x400x1712320175.png 1x, https:\/\/fintis.nl\/wp-content\/uploads\/brizy\/imgs\/fintis-app-898x816x0x8x898x800x1712320175.png 2x\" media=\"(min-width: 992px)\"><source srcset=\"https:\/\/fintis.nl\/wp-content\/uploads\/brizy\/imgs\/fintis-app-300x273x0x3x300x267x1712320175.png 1x, https:\/\/fintis.nl\/wp-content\/uploads\/brizy\/imgs\/fintis-app-600x546x0x6x600x534x1712320175.png 2x\" media=\"(min-width: 768px)\"><img decoding=\"async\" class=\"brz-img\" srcset=\"https:\/\/fintis.nl\/wp-content\/uploads\/brizy\/imgs\/fintis-app-280x254x0x3x280x249x1712320175.png 1x, https:\/\/fintis.nl\/wp-content\/uploads\/brizy\/imgs\/fintis-app-560x508x0x6x560x498x1712320175.png 2x\" src=\"https:\/\/fintis.nl\/wp-content\/uploads\/brizy\/imgs\/fintis-app-449x408x0x4x449x400x1712320175.png\" alt=\"\" draggable=\"false\" loading=\"lazy\"><\/picture><\/div>\n<\/div>\n<\/div>\n<\/div>\n<\/div>\n<\/div>\n<\/div>\n<\/div>\n<\/div>\n<p><svg class=\"brz-icon-svg align-[initial] brz-hidden\"><use href=\"\/wp-content\/plugins\/brizy\/public\/editor-build\/prod\/editor\/icons\/editor\/right-arrow-thin.svg#brz_icon\"><\/use><\/svg><\/div>\n<\/section>\n<\/div>\n<p>    <!-- version:1738697805 --><\/p>\n","protected":false},"excerpt":{"rendered":"<p>Precisie in getallen Gestroomlijnde financi\u00eble administratie voor onge\u00ebvenaarde nauwkeurigheid en effici\u00ebntie Boekhouding voor ondernemers Inzicht in cijfers Voor jou als ondernemer is inzicht in het financi\u00eble reilen en zeilen van je onderneming van cruciaal belang. Voor een overzichtelijke boekhouding verwerken wij je financi\u00eble administratie volledig geautomatiseerd in ons financi\u00eble softwarepakket. Verwerking van inkoop- en verkoopfacturen, [&hellip;]<\/p>\n","protected":false},"author":1,"featured_media":0,"parent":0,"menu_order":0,"comment_status":"closed","ping_status":"closed","template":"brizy-blank-template.php","meta":{"site-sidebar-layout":"default","site-content-layout":"","ast-site-content-layout":"default","site-content-style":"default","site-sidebar-style":"default","ast-global-header-display":"","ast-banner-title-visibility":"","ast-main-header-display":"","ast-hfb-above-header-display":"","ast-hfb-below-header-display":"","ast-hfb-mobile-header-display":"","site-post-title":"","ast-breadcrumbs-content":"","ast-featured-img":"","footer-sml-layout":"","ast-disable-related-posts":"","theme-transparent-header-meta":"","adv-header-id-meta":"","stick-header-meta":"","header-above-stick-meta":"","header-main-stick-meta":"","header-below-stick-meta":"","astra-migrate-meta-layouts":"default","ast-page-background-enabled":"default","ast-page-background-meta":{"desktop":{"background-color":"var(--ast-global-color-4)","background-image":"","background-repeat":"repeat","background-position":"center center","background-size":"auto","background-attachment":"scroll","background-type":"","background-media":"","overlay-type":"","overlay-color":"","overlay-opacity":"","overlay-gradient":""},"tablet":{"background-color":"","background-image":"","background-repeat":"repeat","background-position":"center center","background-size":"auto","background-attachment":"scroll","background-type":"","background-media":"","overlay-type":"","overlay-color":"","overlay-opacity":"","overlay-gradient":""},"mobile":{"background-color":"","background-image":"","background-repeat":"repeat","background-position":"center center","background-size":"auto","background-attachment":"scroll","background-type":"","background-media":"","overlay-type":"","overlay-color":"","overlay-opacity":"","overlay-gradient":""}},"ast-content-background-meta":{"desktop":{"background-color":"var(--ast-global-color-5)","background-image":"","background-repeat":"repeat","background-position":"center center","background-size":"auto","background-attachment":"scroll","background-type":"","background-media":"","overlay-type":"","overlay-color":"","overlay-opacity":"","overlay-gradient":""},"tablet":{"background-color":"var(--ast-global-color-5)","background-image":"","background-repeat":"repeat","background-position":"center center","background-size":"auto","background-attachment":"scroll","background-type":"","background-media":"","overlay-type":"","overlay-color":"","overlay-opacity":"","overlay-gradient":""},"mobile":{"background-color":"var(--ast-global-color-5)","background-image":"","background-repeat":"repeat","background-position":"center center","background-size":"auto","background-attachment":"scroll","background-type":"","background-media":"","overlay-type":"","overlay-color":"","overlay-opacity":"","overlay-gradient":""}},"footnotes":""},"class_list":["post-274","page","type-page","status-publish","hentry"],"brizy_media":[{"id":75,"url":"https:\/\/fintis.nl\/wp-content\/uploads\/2023\/10\/Logo-paars_high_res.png","name":"Logo-paars_high_res.png","meta":{"brizy_attachment_uid":"wp-3634641378038442f7f2793469c2880f.png","brizy_post_uid":["f88fbe913ba3049e620b452cf67ab47b","d2363bbc862bc92b88656fb0ac4e8717","48bf07de68648ebec9595a9c375ebfac"]}},{"id":108,"url":"https:\/\/fintis.nl\/wp-content\/uploads\/2023\/10\/document.gif","name":"document.gif","meta":{"brizy_attachment_uid":"wp-acfaa85baf204880b73e195a2c035267.gif","brizy_post_uid":["f88fbe913ba3049e620b452cf67ab47b","48bf07de68648ebec9595a9c375ebfac"]}},{"id":173,"url":"https:\/\/fintis.nl\/wp-content\/uploads\/2023\/10\/imdi_ios-1.png","name":"imdi_ios-1.png","meta":{"brizy_attachment_uid":"wp-f97d3a6237163247a799505fdd24175f.png","brizy_post_uid":["48bf07de68648ebec9595a9c375ebfac"]}},{"id":174,"url":"https:\/\/fintis.nl\/wp-content\/uploads\/2023\/10\/imdi_android-1.png","name":"imdi_android-1.png","meta":{"brizy_attachment_uid":"wp-e6bddaace95d4877d6b66cf0816d0acc.png","brizy_post_uid":["48bf07de68648ebec9595a9c375ebfac"]}},{"id":1336,"url":"https:\/\/fintis.nl\/wp-content\/uploads\/2024\/04\/fintis-app.png","name":"fintis-app.png","meta":{"brizy_attachment_uid":"wp-3b1745ce6cf3c9b642aaae4c7ba942bc.png","brizy_post_uid":["f550faadc1085ebe72dc8938f78bd3bc","48bf07de68648ebec9595a9c375ebfac","84dae1a629651be727e5fad78dab356d","ae260ae72c530d8963d55ede971ec2e9","31d93e837d9f4676bee7e1b84585cb2d","203e34a3e767751577000adc2a166ac8"]}}],"_links":{"self":[{"href":"https:\/\/fintis.nl\/nl\/wp-json\/wp\/v2\/pages\/274","targetHints":{"allow":["GET"]}}],"collection":[{"href":"https:\/\/fintis.nl\/nl\/wp-json\/wp\/v2\/pages"}],"about":[{"href":"https:\/\/fintis.nl\/nl\/wp-json\/wp\/v2\/types\/page"}],"author":[{"embeddable":true,"href":"https:\/\/fintis.nl\/nl\/wp-json\/wp\/v2\/users\/1"}],"replies":[{"embeddable":true,"href":"https:\/\/fintis.nl\/nl\/wp-json\/wp\/v2\/comments?post=274"}],"version-history":[{"count":16,"href":"https:\/\/fintis.nl\/nl\/wp-json\/wp\/v2\/pages\/274\/revisions"}],"predecessor-version":[{"id":1955,"href":"https:\/\/fintis.nl\/nl\/wp-json\/wp\/v2\/pages\/274\/revisions\/1955"}],"wp:attachment":[{"href":"https:\/\/fintis.nl\/nl\/wp-json\/wp\/v2\/media?parent=274"}],"curies":[{"name":"wp","href":"https:\/\/api.w.org\/{rel}","templated":true}]}}