{"id":556,"date":"2023-12-08T11:19:48","date_gmt":"2023-12-08T11:19:48","guid":{"rendered":"https:\/\/fintis.nl\/?page_id=556"},"modified":"2026-03-11T17:06:24","modified_gmt":"2026-03-11T17:06:24","slug":"financiele-rapportage","status":"publish","type":"page","link":"https:\/\/fintis.nl\/nl\/financiele-rapportage\/","title":{"rendered":"Financi\u00eble Rapportage"},"content":{"rendered":"<div class=\"brz-root__container brz-reset-all brz brz-root__container-page\">\n<section id=\"37fa2cdc9c0fd0684725_qlzahomslnreaevmmamdkbscnfnqojutckwt\" class=\"brz-section brz-css-fu9qy1\">\n<div class=\"brz-slick-slider brz-slick-slider__section\" data-slides-to-show=\"1\" data-slides-to-scroll=\"1\" data-arrows=\"true\" data-dots=\"true\" data-dots-class=\"brz-slick-slider__dots brz-slick-slider__dots--circle\" data-fade=\"false\" data-vertical=\"false\" data-auto-play=\"false\" data-auto-play-speed=\"3000\" data-animation-speed=\"500\" data-swipe=\"true\" data-responsive=\"%5B%7B%22breakpoint%22%3A767%2C%22settings%22%3A%7B%22slidesToShow%22%3A1%2C%22slidesToScroll%22%3A1%7D%7D%5D\">\n<div>\n<div class=\"brz-section__content brz-section--boxed brz-css-jpn7xm brz-css-1gcznmi\" data-brz-custom-id=\"pvqphywycqmitkluwbtbseupimzorevdzirl\">\n<div class=\"brz-bg\">\n<div data-type=\"bgVideoCustom\" data-loop=\"true\" data-start=\"0\" class=\"brz-bg-video\"><video class=\"brz-bg-video-custom brz-bg-video__cover\" muted=\"\" autoplay=\"\" playsinline=\"\" src=\"https:\/\/fintis.nl\/wp-content\/uploads\/2023\/10\/video-2160p.mp4\" data-src=\"https:\/\/fintis.nl\/wp-content\/uploads\/2023\/10\/video-2160p.mp4\"><\/video><\/div>\n<div class=\"brz-bg-color\"><\/div>\n<div class=\"brz-bg-shape brz-bg-shape__bottom\"><\/div>\n<\/div>\n<div class=\"brz-container brz-css-1mv2qst\">\n<div class=\"brz-row__container brz-css-1xvs8mi brz-css-1y09x5p\" data-brz-custom-id=\"oihlhjzqbwviozdwclexeojhyibcquycvwfu\">\n<div class=\"brz-bg\"><\/div>\n<div class=\"brz-row brz-css-1sx2bbf brz-css-xdt8jd\">\n<div class=\"brz-columns brz-css-1kmc1nv brz-css-1apdxj7\" data-brz-custom-id=\"rdncvwhjcjrcomsaejddqlhodbslxgolzool\">\n<div class=\"brz-bg\"><\/div>\n<div class=\"brz-column__items brz-css-l1mfkv\">\n<div id=\"\" class=\"brz-css-1a8lbt3 brz-css-1ot0gat brz-wrapper\">\n<div class=\"brz-rich-text brz-rich-text__custom brz-css-1hrhje4\" data-brz-custom-id=\"yuusjpuvhdytrydklazxxnvhvkbllrnkalhl\">\n<div data-brz-translate-text=\"1\">\n<h1 class=\"brz-text-lg-center brz-tp-lg-empty brz-ff-montserrat brz-ft-google brz-fs-lg-63 brz-fss-lg-px brz-fw-lg-700 brz-ls-lg-m_2 brz-lh-lg-1 brz-css-umCsK\" data-uniq-id=\"oqyrd\" data-generated-css=\"brz-css-omahf\"><span class=\"brz-cp-color1\" style=\"opacity: 1\">Aangepaste financi\u00eble rapportage<\/span><\/h1>\n<\/div>\n<\/div>\n<\/div>\n<div id=\"\" class=\"brz-css-1a8lbt3 brz-wrapper\">\n<div class=\"brz-rich-text brz-rich-text__custom brz-css-1hrhje4\" data-brz-custom-id=\"mheqpeaxqvlmmfhrxzrrfxdhzehemiklpgpp\">\n<div data-brz-translate-text=\"1\">\n<h1 class=\"brz-tp-lg-subtitle brz-text-lg-center brz-css-beb8h\" data-uniq-id=\"jgghj\" data-generated-css=\"brz-css-milcc\"><span class=\"brz-cp-color1\" style=\"opacity: 1\">Uw bedrijf, uw gegevens, uw manier &#8211; Financi\u00eble inzichten op maat voor ge\u00efnformeerde besluitvorming<\/span><\/h1>\n<\/div>\n<\/div>\n<\/div>\n<\/div>\n<\/div>\n<\/div>\n<\/div>\n<\/div>\n<\/div>\n<\/div>\n<\/div>\n<\/section>\n<section id=\"585388218d9a797702dd_ejevrctodhgjylmvqielavxvvkysuvzloewk\" class=\"brz-section brz-css-fu9qy1\">\n<div class=\"brz-section__content brz-section--boxed brz-css-jpn7xm\" data-brz-custom-id=\"shasefeoxcahbrcqayfpvlkpkklhchuiawuz\">\n<div class=\"brz-container brz-css-1mv2qst\">\n<div class=\"brz-row__container brz-css-1xvs8mi\" data-brz-custom-id=\"gnivbnjnyfvrybnnuoxemfmyrlssbyttmoow\">\n<div class=\"brz-bg\"><\/div>\n<div class=\"brz-row brz-css-1sx2bbf brz-css-xdt8jd\">\n<div class=\"brz-columns brz-css-1kmc1nv brz-css-wv1agh\" data-brz-custom-id=\"uztqxjrfebgruvbuxboqlznecvlyfqujcfna\">\n<div class=\"brz-bg\"><\/div>\n<div class=\"brz-column__items brz-css-l1mfkv\">\n<div id=\"\" class=\"brz-css-1a8lbt3 brz-wrapper\">\n<div class=\"brz-image brz-css-ph3cye\" data-brz-custom-id=\"lbgadvduvtezcgpftqqcvfrqkucfltvntqjh\"><img decoding=\"async\" class=\"brz-img\" src=\"https:\/\/fintis.nl\/wp-content\/uploads\/brizy\/imgs\/Personeelszaken_HulsbosKlatt-plthll8lrhxj5rrgrh9o141vcktoe4bsjk0czvqou8-426x284x24x0x378x284x1702034877.png\" alt=\"\" loading=\"lazy\"><\/div>\n<\/div>\n<div id=\"\" class=\"brz-css-1a8lbt3 brz-wrapper\">\n<div class=\"brz-rich-text brz-rich-text__custom brz-css-1hrhje4\" data-brz-custom-id=\"tsxbswskoqsillmfjhwoynyhasjmvogqmrcp\">\n<div data-brz-translate-text=\"1\">\n<h3 data-generated-css=\"brz-css-oxvzz\" data-uniq-id=\"brnea\" class=\"brz-tp-lg-heading3 brz-css-qtRrz\"><span style=\"opacity: 1\" class=\"brz-cp-color8\">Geen uitzicht zonder inzicht<\/span><\/h3>\n<\/div>\n<\/div>\n<\/div>\n<div id=\"\" class=\"brz-css-1a8lbt3 brz-wrapper\">\n<div class=\"brz-rich-text brz-rich-text__custom brz-css-1hrhje4\" data-brz-custom-id=\"wznccflgaouejvhyadmhgfylpfkgakutwzzf\">\n<div data-brz-translate-text=\"1\">\n<p class=\"brz-tp-lg-paragraph brz-css-snucP\" data-uniq-id=\"nlaju\" data-generated-css=\"brz-css-hwmfy\"><span class=\"brz-cp-color7\">Financi\u00eble rapportages verzorgen wij op maat. In elke gewenste vorm en over ieder gewenste periode, dit zorgt voor het gewenste inzicht.<\/span><\/p>\n<\/div>\n<\/div>\n<\/div>\n<\/div>\n<\/div>\n<div class=\"brz-columns brz-css-1kmc1nv brz-css-141j6u9\" data-brz-custom-id=\"xjmtcbkbxmuilbbjghucnhrihxogcwhskhal\">\n<div class=\"brz-bg\"><\/div>\n<div class=\"brz-column__items brz-css-l1mfkv\">\n<div id=\"\" class=\"brz-css-1a8lbt3 brz-wrapper\">\n<div class=\"brz-image brz-css-1v13jlc\" data-brz-custom-id=\"ksqhdlrkidukchyzlmbuouqdzhtltobnccuq\"><img decoding=\"async\" class=\"brz-img\" src=\"https:\/\/fintis.nl\/wp-content\/uploads\/brizy\/imgs\/pexels-pixabay-209224-1-plthhmd4wohy51izxridi43t20dvw4klbwuk1tmj40-823x549x46x0x732x549x1702034854.jpg\" alt=\"\" loading=\"lazy\"><\/div>\n<\/div>\n<\/div>\n<\/div>\n<\/div>\n<\/div>\n<\/div>\n<\/div>\n<\/section>\n<section id=\"bb4860b0ad18689db585_ajffroefhwignlytmxgriqxwsfqmzwmmuzsy\" class=\"brz-section brz-css-fu9qy1\">\n<div class=\"brz-section__content brz-section--boxed brz-css-jpn7xm\" data-brz-custom-id=\"obsorpjuspvbuvkvtzolvarcplucuuubndzs\">\n<div class=\"brz-container brz-css-1mv2qst\">\n<div class=\"brz-row__container brz-css-1xvs8mi\" data-brz-custom-id=\"vhugqdilvcbxumczwqxhrdtqwjfrkpzfnbyv\">\n<div class=\"brz-bg\"><\/div>\n<div class=\"brz-row brz-css-1sx2bbf brz-css-xdt8jd\">\n<div class=\"brz-columns brz-css-1kmc1nv brz-css-1a3rfwg\" data-brz-custom-id=\"npvebigfvsamzpzxitawglifnhwlqechoked\">\n<div class=\"brz-bg\"><\/div>\n<div class=\"brz-column__items brz-css-l1mfkv\">\n<div id=\"\" class=\"brz-css-1a8lbt3 brz-wrapper\">\n<div class=\"brz-rich-text brz-rich-text__custom brz-css-1hrhje4\" data-brz-custom-id=\"ibtwpecutopqstellbfrdneletzbanfhorzi\">\n<div data-brz-translate-text=\"1\">\n<h3 data-generated-css=\"brz-css-vlayw\" data-uniq-id=\"bodhr\" class=\"brz-tp-lg-heading3 brz-css-vTa8W\"><span style=\"opacity: 1\" class=\"brz-cp-color8\">Rapportages op maat<\/span><\/h3>\n<\/div>\n<\/div>\n<\/div>\n<div id=\"\" class=\"brz-css-1a8lbt3 brz-wrapper\">\n<div class=\"brz-rich-text brz-rich-text__custom brz-css-1hrhje4\" data-brz-custom-id=\"cjjhljmywyzuhgpxyugdcgtdhlhlvdnnlwzj\">\n<div data-brz-translate-text=\"1\">\n<p class=\"brz-tp-lg-paragraph brz-css-aiwmG\" data-uniq-id=\"uggir\" data-generated-css=\"brz-css-qqdxk\"><span class=\"brz-cp-color7\">Een financi\u00eble rapportage verschaft niet alleen inzicht, maar is bijvoorbeeld ook van belang bij consolidaties en rapportage voor kredietverstrekkers. Zijn er specifieke interne rapportage-eisen? Geen probleem; wij maken de gewenste rapportages op maat. Door onze specifieke kennis en softwaremogelijkheden komen wij altijd tot de gewenste vorm.<\/span><\/p>\n<\/div>\n<\/div>\n<\/div>\n<div id=\"\" class=\"brz-css-1a8lbt3 brz-wrapper\">\n<div class=\"brz-rich-text brz-rich-text__custom brz-css-1hrhje4\" data-brz-custom-id=\"bxiykzuxykssfyqjfpaozlvawmeswchqqsfg\">\n<div data-brz-translate-text=\"1\">\n<p class=\"brz-tp-lg-paragraph brz-css-quW4T\" data-generated-css=\"brz-css-sqrid\" data-uniq-id=\"oqscg\"><span class=\"brz-cp-color7\">Voor buitenlandse ondernemingen richten wij ons op de rapportage-eisen die specifiek voor dat bedrijf en land gelden.<\/span><\/p>\n<\/div>\n<\/div>\n<\/div>\n<div class=\"brz-wrapper-clone brz-css-1cci23m\">\n<div class=\"brz-d-xs-flex brz-flex-xs-wrap brz-css-1hkqn0o brz-css-11wm6c8\" data-brz-custom-id=\"\">\n<div class=\"brz-wrapper-clone__item\" id=\"vdsjaxifygisrhkkqpskqhfxffelgxtjjyid\"><a class=\"brz-a brz-btn brz-css-bpaxe2 brz-css-1a8tsot brz-css-coz0wz brz-css-4mto6i\" href=\"https:\/\/fintis.nl\/contact\/\" target=\"_self\" rel=\"noopener\" data-brz-link-type=\"page\" data-brz-custom-id=\"vdsjaxifygisrhkkqpskqhfxffelgxtjjyid\"><span data-brz-translate-text=\"1\" class=\"brz-span brz-text__editor\">Contact Opnemen<\/span><\/a><\/div>\n<\/div>\n<\/div>\n<\/div>\n<\/div>\n<div class=\"brz-columns brz-css-1kmc1nv brz-css-1xlsyaw\" data-brz-custom-id=\"uongxbtfsjoedrizfvaatvjeactgefwbaqli\">\n<div class=\"brz-bg\"><\/div>\n<div class=\"brz-column__items brz-css-l1mfkv\">\n<div id=\"\" class=\"brz-css-1a8lbt3 brz-wrapper\">\n<div class=\"brz-image brz-css-okk1gl\" data-brz-custom-id=\"lsqaudueecjizirjmiovzqizrubabrmltqzx\"><img decoding=\"async\" class=\"brz-img\" src=\"https:\/\/fintis.nl\/wp-content\/uploads\/brizy\/imgs\/pexels-lukas-669612-scaled-737x488x43x0x651x488x1702034575.jpg\" alt=\"\" loading=\"lazy\"><\/div>\n<\/div>\n<\/div>\n<\/div>\n<\/div>\n<\/div>\n<\/div>\n<\/div>\n<\/section>\n<section id=\"b62e4481af53824a3ca2_cihbycsliognrvacyamtocvwyjaaeavtrbof\" class=\"brz-section brz-css-fu9qy1\">\n<div class=\"brz-section__content brz-section--boxed brz-css-jpn7xm brz-css-1il9yeu\" data-brz-custom-id=\"dbkohbweesykireqzrgbbyobodydbrldocak\">\n<div class=\"brz-bg\">\n<div class=\"brz-bg-image\"><\/div>\n<div class=\"brz-bg-color\"><\/div>\n<\/div>\n<div class=\"brz-container brz-css-1mv2qst\">\n<div id=\"\" class=\"brz-css-1a8lbt3 brz-wrapper\">\n<div class=\"brz-rich-text brz-rich-text__custom brz-css-1hrhje4\" data-brz-custom-id=\"bnvgxfvfrznlezcehgxbhkcpyflnwtkcwdij\">\n<div data-brz-translate-text=\"1\">\n<h2 data-generated-css=\"brz-css-suykn\" data-uniq-id=\"faofl\" class=\"brz-text-lg-center brz-tp-lg-heading2 brz-css-xpinI\"><span style=\"opacity: 1\" class=\"brz-cp-color1\">We helpen je graag!<\/span><\/h2>\n<\/div>\n<\/div>\n<\/div>\n<div id=\"\" class=\"brz-css-1a8lbt3 brz-wrapper\">\n<div class=\"brz-rich-text brz-rich-text__custom brz-css-1hrhje4\" data-brz-custom-id=\"afrrtmraojyezkttxydzzqwkevqbborbgrcv\">\n<div data-brz-translate-text=\"1\">\n<p data-generated-css=\"brz-css-fajsm\" data-uniq-id=\"cyexl\" class=\"brz-tp-lg-paragraph ql-align-center brz-text-lg-center brz-css-fB2eT\"><span style=\"opacity: 0.87\">We vertellen je graag persoonlijk welke specifieke dienstverlening we jou kunnen bieden.&nbsp;<\/span><\/p>\n<\/div>\n<\/div>\n<\/div>\n<div class=\"brz-wrapper-clone brz-css-1cci23m\">\n<div class=\"brz-d-xs-flex brz-flex-xs-wrap brz-css-1hkqn0o\" data-brz-custom-id=\"\">\n<div class=\"brz-wrapper-clone__item\" id=\"lezkhzoejfyhcqgyxdcktqthtiqeaegocczo\"><a class=\"brz-a brz-btn brz-css-bpaxe2 brz-css-1e70mh2 brz-css-coz0wz brz-css-1lqujdw\" href=\"https:\/\/fintis.nl\/contact\/\" target=\"_self\" rel=\"noopener\" data-brz-link-type=\"page\" data-brz-custom-id=\"lezkhzoejfyhcqgyxdcktqthtiqeaegocczo\"><span data-brz-translate-text=\"1\" class=\"brz-span brz-text__editor\">Neem Contact op<\/span><\/a><\/div>\n<\/div>\n<\/div>\n<\/div>\n<\/div>\n<\/section>\n<section id=\"7050adf190f3fd1a960a_fissyetuvwsuhbgkyfghtyvwwolaxbwdhrgb\" class=\"brz-section brz-css-fu9qy1\">\n<div class=\"brz-slick-slider brz-slick-slider__section\" data-slides-to-show=\"1\" data-slides-to-scroll=\"1\" data-arrows=\"true\" data-dots=\"true\" data-dots-class=\"brz-slick-slider__dots brz-slick-slider__dots--circle\" data-fade=\"false\" data-vertical=\"false\" data-auto-play=\"false\" data-auto-play-speed=\"3000\" data-animation-speed=\"500\" data-swipe=\"true\" data-responsive=\"%5B%7B%22breakpoint%22%3A767%2C%22settings%22%3A%7B%22slidesToShow%22%3A1%2C%22slidesToScroll%22%3A1%7D%7D%5D\">\n<div>\n<div class=\"brz-section__content brz-section--boxed brz-css-jpn7xm brz-css-x5nkyi\" data-brz-custom-id=\"shieyoqnaidqrlmrtzyemtkvuodhxkrgrsol\">\n<div class=\"brz-bg\">\n<div class=\"brz-bg-color\"><\/div>\n<\/div>\n<div class=\"brz-container brz-css-1mv2qst\">\n<div class=\"brz-row__container brz-css-1xvs8mi brz-css-1bsnkr6\" data-brz-custom-id=\"myblfnewhepcekaicqkollvnlufrfthdjwae\">\n<div class=\"brz-bg\"><\/div>\n<div class=\"brz-row brz-css-1sx2bbf brz-css-xdt8jd\">\n<div class=\"brz-columns brz-css-1kmc1nv brz-css-yjt7k6\" data-brz-custom-id=\"lhnadwttkdkpgqiwzlkarnrlfazrmjgnegxm\">\n<div class=\"brz-bg\"><\/div>\n<div class=\"brz-column__items brz-css-l1mfkv brz-css-u9wm3j\">\n<div id=\"\" class=\"brz-css-1a8lbt3 brz-css-1r7hupm brz-wrapper\">\n<div class=\"brz-rich-text brz-rich-text__custom brz-css-1hrhje4\" data-brz-custom-id=\"zoaubgpfzzzohftczgmfpajyqawnolrhomvw\">\n<div data-brz-translate-text=\"1\">\n<h3 data-generated-css=\"brz-css-whnwa\" data-uniq-id=\"oefjp\" class=\"ql-align-center brz-text-xs-center brz-tp-lg-empty brz-ff-montserrat brz-ft-google brz-fs-lg-27 brz-fss-lg-px brz-fw-lg-500 brz-ls-lg-m_1 brz-lh-lg-1_2 brz-css-jeONv\"><span class=\"brz-cp-color8\">Download onze gratis app en beschik over de laaste informatie en handige tools.<\/span><\/h3>\n<\/div>\n<\/div>\n<\/div>\n<div id=\"\" class=\"brz-css-1a8lbt3 brz-css-1ajkgy9 brz-wrapper\">\n<div class=\"brz-rich-text brz-rich-text__custom brz-css-1hrhje4\" data-brz-custom-id=\"udgidkuypjivsoipfjncudllgrxylalkfiir\">\n<div data-brz-translate-text=\"1\">\n<p class=\"brz-text-xs-center brz-tp-lg-paragraph brz-css-nFpre\" data-uniq-id=\"dqmlu\" data-generated-css=\"brz-css-vlwmp\"><span class=\"brz-cp-color4\" style=\"opacity: 0.7\">Verschillende functies binnen handbereik. Handige en praktische thema\u2019s, het laaste belastingnieuws, toegang tot een uitgebreid archief, contactgegevens van onze medewerkers, routebeschrijving en het maken van afspraken.<\/span><\/p>\n<\/div>\n<\/div>\n<\/div>\n<div id=\"\" class=\"brz-css-1a8lbt3 brz-css-2pkgkm brz-css-127mle9 brz-wrapper\">\n<div class=\"brz-spacer brz-css-nps8uz brz-css-3dx3yq\"><\/div>\n<\/div>\n<div id=\"\" class=\"brz-css-1a8lbt3 brz-css-vptfuw brz-wrapper\">\n<div class=\"brz-image brz-css-85gv9v\" data-brz-custom-id=\"tihsipschtwyanqchqrhogqxcecbdfwyckxy\"><a class=\"brz-a\" href=\"https:\/\/apps.apple.com\/nl\/app\/fintis-b-v\/id6478959130\" target=\"_blank\" rel=\"noopener\" data-brz-link-type=\"external\"><img decoding=\"async\" class=\"brz-img\" src=\"https:\/\/fintis.nl\/wp-content\/uploads\/brizy\/imgs\/imdi_ios-1-122x41x0x0x122x41x1698410970.png\" alt=\"\" loading=\"lazy\"><\/a><\/div>\n<\/div>\n<div id=\"\" class=\"brz-css-1a8lbt3 brz-css-ursh8d brz-wrapper\">\n<div class=\"brz-image brz-css-u9kavv\" data-brz-custom-id=\"uzzxshvmqkdlqgutrkfcapskivyqpykarqio\"><a class=\"brz-a\" href=\"https:\/\/play.google.com\/store\/apps\/details?id=com.informanagement.fintis&amp;pcampaignid=web_share\" target=\"_blank\" rel=\"noopener\" data-brz-link-type=\"external\"><img decoding=\"async\" class=\"brz-img\" src=\"https:\/\/fintis.nl\/wp-content\/uploads\/brizy\/imgs\/imdi_android-1-122x41x0x0x122x41x1698410970.png\" alt=\"\" loading=\"lazy\"><\/a><\/div>\n<\/div>\n<div id=\"\" class=\"brz-css-1a8lbt3 brz-css-2pkgkm brz-wrapper\">\n<div class=\"brz-spacer brz-css-nps8uz brz-css-poyp2i\"><\/div>\n<\/div>\n<\/div>\n<\/div>\n<div class=\"brz-columns brz-css-1kmc1nv brz-css-ujlgdg\" data-brz-custom-id=\"aseowgabqpjxnwtbpehwsmwsfiftmtoyaexn\">\n<div class=\"brz-bg\"><\/div>\n<div class=\"brz-column__items brz-css-l1mfkv\">\n<div id=\"\" class=\"brz-css-1a8lbt3 brz-wrapper\">\n<div class=\"brz-image brz-css-1s6csc4\" data-brz-custom-id=\"xzdkbqnrnfrjenflvxtxuhmuvpxatkzziwmq\"><img decoding=\"async\" class=\"brz-img\" src=\"https:\/\/fintis.nl\/wp-content\/uploads\/brizy\/imgs\/fintis-app-452x410x1x0x449x410x1712320175.png\" alt=\"\" loading=\"lazy\"><\/div>\n<\/div>\n<\/div>\n<\/div>\n<\/div>\n<\/div>\n<\/div>\n<\/div>\n<\/div>\n<\/div>\n<\/section>\n<\/div>\n<p>    <!-- version:1738697707 --><\/p>\n","protected":false},"excerpt":{"rendered":"<p>Aangepaste financi\u00eble rapportage Uw bedrijf, uw gegevens, uw manier &#8211; Financi\u00eble inzichten op maat voor ge\u00efnformeerde besluitvorming Geen uitzicht zonder inzicht Financi\u00eble rapportages verzorgen wij op maat. In elke gewenste vorm en over ieder gewenste periode, dit zorgt voor het gewenste inzicht. Rapportages op maat Een financi\u00eble rapportage verschaft niet alleen inzicht, maar is bijvoorbeeld [&hellip;]<\/p>\n","protected":false},"author":1,"featured_media":0,"parent":0,"menu_order":0,"comment_status":"closed","ping_status":"closed","template":"brizy-blank-template.php","meta":{"site-sidebar-layout":"default","site-content-layout":"","ast-site-content-layout":"default","site-content-style":"default","site-sidebar-style":"default","ast-global-header-display":"","ast-banner-title-visibility":"","ast-main-header-display":"","ast-hfb-above-header-display":"","ast-hfb-below-header-display":"","ast-hfb-mobile-header-display":"","site-post-title":"","ast-breadcrumbs-content":"","ast-featured-img":"","footer-sml-layout":"","ast-disable-related-posts":"","theme-transparent-header-meta":"","adv-header-id-meta":"","stick-header-meta":"","header-above-stick-meta":"","header-main-stick-meta":"","header-below-stick-meta":"","astra-migrate-meta-layouts":"default","ast-page-background-enabled":"default","ast-page-background-meta":{"desktop":{"background-color":"var(--ast-global-color-4)","background-image":"","background-repeat":"repeat","background-position":"center center","background-size":"auto","background-attachment":"scroll","background-type":"","background-media":"","overlay-type":"","overlay-color":"","overlay-opacity":"","overlay-gradient":""},"tablet":{"background-color":"","background-image":"","background-repeat":"repeat","background-position":"center center","background-size":"auto","background-attachment":"scroll","background-type":"","background-media":"","overlay-type":"","overlay-color":"","overlay-opacity":"","overlay-gradient":""},"mobile":{"background-color":"","background-image":"","background-repeat":"repeat","background-position":"center center","background-size":"auto","background-attachment":"scroll","background-type":"","background-media":"","overlay-type":"","overlay-color":"","overlay-opacity":"","overlay-gradient":""}},"ast-content-background-meta":{"desktop":{"background-color":"var(--ast-global-color-5)","background-image":"","background-repeat":"repeat","background-position":"center center","background-size":"auto","background-attachment":"scroll","background-type":"","background-media":"","overlay-type":"","overlay-color":"","overlay-opacity":"","overlay-gradient":""},"tablet":{"background-color":"var(--ast-global-color-5)","background-image":"","background-repeat":"repeat","background-position":"center center","background-size":"auto","background-attachment":"scroll","background-type":"","background-media":"","overlay-type":"","overlay-color":"","overlay-opacity":"","overlay-gradient":""},"mobile":{"background-color":"var(--ast-global-color-5)","background-image":"","background-repeat":"repeat","background-position":"center center","background-size":"auto","background-attachment":"scroll","background-type":"","background-media":"","overlay-type":"","overlay-color":"","overlay-opacity":"","overlay-gradient":""}},"footnotes":""},"class_list":["post-556","page","type-page","status-publish","hentry"],"brizy_media":[{"id":564,"url":"https:\/\/fintis.nl\/wp-content\/uploads\/2023\/12\/pexels-lukas-669612-scaled.jpg","name":"pexels-lukas-669612.jpg","meta":{"brizy_attachment_uid":"wp-96d488130fa6cbeaae89f208f411ebed.jpg","brizy_post_uid":["31d93e837d9f4676bee7e1b84585cb2d"]}},{"id":565,"url":"https:\/\/fintis.nl\/wp-content\/uploads\/2023\/12\/pexels-pixabay-209224-1-plthhmd4wohy51izxridi43t20dvw4klbwuk1tmj40.jpg","name":"pexels-pixabay-209224-1-plthhmd4wohy51izxridi43t20dvw4klbwuk1tmj40.jpg","meta":{"brizy_attachment_uid":"wp-a7d95520900ccef1af89b2ec563a39fa.jpg","brizy_post_uid":["31d93e837d9f4676bee7e1b84585cb2d"]}},{"id":566,"url":"https:\/\/fintis.nl\/wp-content\/uploads\/2023\/12\/Personeelszaken_HulsbosKlatt-plthll8lrhxj5rrgrh9o141vcktoe4bsjk0czvqou8.png","name":"Personeelszaken_HulsbosKlatt-plthll8lrhxj5rrgrh9o141vcktoe4bsjk0czvqou8.png","meta":{"brizy_attachment_uid":"wp-602722a7c87ef4be075fb305ffc79900.png","brizy_post_uid":["31d93e837d9f4676bee7e1b84585cb2d"]}},{"id":1336,"url":"https:\/\/fintis.nl\/wp-content\/uploads\/2024\/04\/fintis-app.png","name":"fintis-app.png","meta":{"brizy_attachment_uid":"wp-3b1745ce6cf3c9b642aaae4c7ba942bc.png","brizy_post_uid":["f550faadc1085ebe72dc8938f78bd3bc","48bf07de68648ebec9595a9c375ebfac","84dae1a629651be727e5fad78dab356d","ae260ae72c530d8963d55ede971ec2e9","31d93e837d9f4676bee7e1b84585cb2d","203e34a3e767751577000adc2a166ac8"]}}],"_links":{"self":[{"href":"https:\/\/fintis.nl\/nl\/wp-json\/wp\/v2\/pages\/556","targetHints":{"allow":["GET"]}}],"collection":[{"href":"https:\/\/fintis.nl\/nl\/wp-json\/wp\/v2\/pages"}],"about":[{"href":"https:\/\/fintis.nl\/nl\/wp-json\/wp\/v2\/types\/page"}],"author":[{"embeddable":true,"href":"https:\/\/fintis.nl\/nl\/wp-json\/wp\/v2\/users\/1"}],"replies":[{"embeddable":true,"href":"https:\/\/fintis.nl\/nl\/wp-json\/wp\/v2\/comments?post=556"}],"version-history":[{"count":17,"href":"https:\/\/fintis.nl\/nl\/wp-json\/wp\/v2\/pages\/556\/revisions"}],"predecessor-version":[{"id":1946,"href":"https:\/\/fintis.nl\/nl\/wp-json\/wp\/v2\/pages\/556\/revisions\/1946"}],"wp:attachment":[{"href":"https:\/\/fintis.nl\/nl\/wp-json\/wp\/v2\/media?parent=556"}],"curies":[{"name":"wp","href":"https:\/\/api.w.org\/{rel}","templated":true}]}}